{"id":15913,"date":"2024-03-10T04:06:59","date_gmt":"2024-03-10T04:06:59","guid":{"rendered":"https:\/\/stag.lawhiskeria.cr\/?post_type=product&#038;p=15913"},"modified":"2024-10-29T23:30:12","modified_gmt":"2024-10-29T23:30:12","slug":"glenmorangie-18-anos","status":"publish","type":"product","link":"https:\/\/lawhiskeria.cr\/?product=glenmorangie-18-anos","title":{"rendered":"Glenmorangie 18 a\u00f1os"},"content":{"rendered":"","protected":false},"excerpt":{"rendered":"<p style=\"font-weight: 400;\">Un whisky super distintivo,\u00a0<b><strong>Glenmorangie 18 a\u00f1os<\/strong><\/b>\u00a0es un single malt escoc\u00e9s que ha pasado quince a\u00f1os de maduraci\u00f3n en barricas de roble blanco americano, aproximadamente el 30% se transfiere a barricas espa\u00f1olas de Oloroso para pasar otros tres a\u00f1os de maduraci\u00f3n. Luego, cuando ambos elementos han cumplido 18 a\u00f1os, los volvemos a mezclar para crear un whisky con un rico bouquet y un sabor completo y redondo. Para un whisky de esta \u00e9poca, esta expresi\u00f3n ha mantenido, gracias a nuestro delicado esp\u00edritu floral y finos barriles Oloroso, un incre\u00edble grado de vitalidad donde la dulce dulzura del jerez ha sido atenuada por la nuez del roble americano.<\/p>\n<p style=\"font-weight: 400;\"><b><strong>Aroma:<\/strong><\/b>\u00a0rico, redondo y dulce con frutos secos y una compleja fragancia floral.<\/p>\n<p style=\"font-weight: 400;\"><b><strong>Gusto:<\/strong><\/b>\u00a0balance perfecto entre miel, malta y aroma floral. Emergen higos con un toque ahumado.<\/p>\n<p style=\"font-weight: 400;\"><b><strong>Acabado:<\/strong><\/b>\u00a0largo y atractivo, dulzura de la fruta seca y notas suavemente secas de nuez.<\/p>\n<p style=\"font-weight: 400;\"><strong>ABV 43% &#8211; 700 ml.<\/strong><\/p>\n","protected":false},"featured_media":15914,"comment_status":"open","ping_status":"closed","template":"","meta":[],"product_brand":[],"product_cat":[72],"product_tag":[108,110],"class_list":{"0":"post-15913","1":"product","2":"type-product","3":"status-publish","4":"has-post-thumbnail","6":"product_cat-single-malt","7":"product_tag-single-malt","8":"product_tag-whisky-escoces","10":"first","11":"instock","12":"shipping-taxable","13":"purchasable","14":"product-type-simple"},"_links":{"self":[{"href":"https:\/\/lawhiskeria.cr\/index.php?rest_route=\/wp\/v2\/product\/15913","targetHints":{"allow":["GET"]}}],"collection":[{"href":"https:\/\/lawhiskeria.cr\/index.php?rest_route=\/wp\/v2\/product"}],"about":[{"href":"https:\/\/lawhiskeria.cr\/index.php?rest_route=\/wp\/v2\/types\/product"}],"replies":[{"embeddable":true,"href":"https:\/\/lawhiskeria.cr\/index.php?rest_route=%2Fwp%2Fv2%2Fcomments&post=15913"}],"version-history":[{"count":1,"href":"https:\/\/lawhiskeria.cr\/index.php?rest_route=\/wp\/v2\/product\/15913\/revisions"}],"predecessor-version":[{"id":15915,"href":"https:\/\/lawhiskeria.cr\/index.php?rest_route=\/wp\/v2\/product\/15913\/revisions\/15915"}],"wp:featuredmedia":[{"embeddable":true,"href":"https:\/\/lawhiskeria.cr\/index.php?rest_route=\/wp\/v2\/media\/15914"}],"wp:attachment":[{"href":"https:\/\/lawhiskeria.cr\/index.php?rest_route=%2Fwp%2Fv2%2Fmedia&parent=15913"}],"wp:term":[{"taxonomy":"product_brand","embeddable":true,"href":"https:\/\/lawhiskeria.cr\/index.php?rest_route=%2Fwp%2Fv2%2Fproduct_brand&post=15913"},{"taxonomy":"product_cat","embeddable":true,"href":"https:\/\/lawhiskeria.cr\/index.php?rest_route=%2Fwp%2Fv2%2Fproduct_cat&post=15913"},{"taxonomy":"product_tag","embeddable":true,"href":"https:\/\/lawhiskeria.cr\/index.php?rest_route=%2Fwp%2Fv2%2Fproduct_tag&post=15913"}],"curies":[{"name":"wp","href":"https:\/\/api.w.org\/{rel}","templated":true}]}}