{"id":15904,"date":"2024-03-10T03:54:47","date_gmt":"2024-03-10T03:54:47","guid":{"rendered":"https:\/\/stag.lawhiskeria.cr\/?post_type=product&#038;p=15904"},"modified":"2024-10-29T23:37:56","modified_gmt":"2024-10-29T23:37:56","slug":"glenmorangie-14-anos-la-quinta-ruban","status":"publish","type":"product","link":"https:\/\/lawhiskeria.cr\/?product=glenmorangie-14-anos-la-quinta-ruban","title":{"rendered":"Glenmorangie 14 a\u00f1os &#8220;La Quinta Rub\u00e1n&#8221;"},"content":{"rendered":"","protected":false},"excerpt":{"rendered":"<p><strong>Esta etiqueta es la m\u00e1s intensa y oscura de toda la gama de los extra-madurados<\/strong>, ha pasado 10 a\u00f1os madurando en barricas de roble blanco americano antes de ser transferido a\u00a0<strong>barricas de Puerto Rub\u00ed especialmente seleccionadas de las quintas o bodegas de Portugal<\/strong>. La maduraci\u00f3n adicional de estas barricas le da a Quinta Rub\u00e1n un esp\u00edritu voluptuoso con un complejo equilibro de sabores dulces y secos, acabando con un contraste intrigante de texturas suaves, n\u00edtidas y refrescantes. No se filtra en fr\u00edo para un aroma y sensaci\u00f3n adicional en la boca.<\/p>\n<p><strong>Aroma:<\/strong>\u00a0Chocolate oscuro mentolado, mandarina y naranja, en una combinaci\u00f3n con pimienta y nuez moscada.<\/p>\n<p><strong>Gusto:<\/strong>\u00a0Chocolate con menta y nueces, dejan aterciopelado el paladar, base de rosas y naranja.<\/p>\n<p><strong>Final:\u00a0<\/strong>Retrogusto sedoso y prolongado, dejando menta y chocolate, con notas c\u00edtricas de naranja.<\/p>\n<p><strong>ABV 46% &#8211; 700 ml.<\/strong><\/p>\n","protected":false},"featured_media":15905,"comment_status":"open","ping_status":"closed","template":"","meta":[],"product_brand":[],"product_cat":[72],"product_tag":[108,110],"class_list":{"0":"post-15904","1":"product","2":"type-product","3":"status-publish","4":"has-post-thumbnail","6":"product_cat-single-malt","7":"product_tag-single-malt","8":"product_tag-whisky-escoces","10":"first","11":"instock","12":"shipping-taxable","13":"purchasable","14":"product-type-simple"},"_links":{"self":[{"href":"https:\/\/lawhiskeria.cr\/index.php?rest_route=\/wp\/v2\/product\/15904","targetHints":{"allow":["GET"]}}],"collection":[{"href":"https:\/\/lawhiskeria.cr\/index.php?rest_route=\/wp\/v2\/product"}],"about":[{"href":"https:\/\/lawhiskeria.cr\/index.php?rest_route=\/wp\/v2\/types\/product"}],"replies":[{"embeddable":true,"href":"https:\/\/lawhiskeria.cr\/index.php?rest_route=%2Fwp%2Fv2%2Fcomments&post=15904"}],"version-history":[{"count":1,"href":"https:\/\/lawhiskeria.cr\/index.php?rest_route=\/wp\/v2\/product\/15904\/revisions"}],"predecessor-version":[{"id":15906,"href":"https:\/\/lawhiskeria.cr\/index.php?rest_route=\/wp\/v2\/product\/15904\/revisions\/15906"}],"wp:featuredmedia":[{"embeddable":true,"href":"https:\/\/lawhiskeria.cr\/index.php?rest_route=\/wp\/v2\/media\/15905"}],"wp:attachment":[{"href":"https:\/\/lawhiskeria.cr\/index.php?rest_route=%2Fwp%2Fv2%2Fmedia&parent=15904"}],"wp:term":[{"taxonomy":"product_brand","embeddable":true,"href":"https:\/\/lawhiskeria.cr\/index.php?rest_route=%2Fwp%2Fv2%2Fproduct_brand&post=15904"},{"taxonomy":"product_cat","embeddable":true,"href":"https:\/\/lawhiskeria.cr\/index.php?rest_route=%2Fwp%2Fv2%2Fproduct_cat&post=15904"},{"taxonomy":"product_tag","embeddable":true,"href":"https:\/\/lawhiskeria.cr\/index.php?rest_route=%2Fwp%2Fv2%2Fproduct_tag&post=15904"}],"curies":[{"name":"wp","href":"https:\/\/api.w.org\/{rel}","templated":true}]}}