{"id":15901,"date":"2024-03-10T03:50:25","date_gmt":"2024-03-10T03:50:25","guid":{"rendered":"https:\/\/stag.lawhiskeria.cr\/?post_type=product&#038;p=15901"},"modified":"2024-11-03T23:12:10","modified_gmt":"2024-11-03T23:12:10","slug":"glenmorangie-12-anos-the-lasanta","status":"publish","type":"product","link":"https:\/\/lawhiskeria.cr\/?product=glenmorangie-12-anos-the-lasanta","title":{"rendered":"Glenmorangie 12 a\u00f1os &#8220;The Lasanta&#8221;"},"content":{"rendered":"","protected":false},"excerpt":{"rendered":"<p><strong>Elegante y con mucho cuerpo<\/strong>, este whisky ha pasado 10 a\u00f1os madurando en barriles de ex-bourbon de roble blanco americano antes de ser madurado 2 a\u00f1os m\u00e1s en\u00a0<strong>barriles de Oloroso y PX Sherry de Jerez de Espa\u00f1a<\/strong>. Lasanta es ga\u00e9lico y lo es por su calidez y pasi\u00f3n, un recordatorio no solo de procedencia espa\u00f1ola del jerez Oloroso, sino tambi\u00e9n un reflejo de la textura de esta expresi\u00f3n deliciosamente\u00a0<strong>suave y su aroma es profundo y tentador<\/strong>.<\/p>\n<p><strong>Aroma:\u00a0<\/strong>Mezcla de especias con suave chocolate y pasas, toffee de caramelo.<\/p>\n<p><strong>Gusto:\u00a0<\/strong>Sutiles toques con sabor a Jerez, notas de naranja, el caramelo y la nuez se combinan y logran especias c\u00e1lidas.<\/p>\n<p><strong>Final:\u00a0<\/strong>Largo y profundo, aparecen avellanas cubiertas de naranja y chocolate con especias.<\/p>\n<p>ABV 43% &#8211; 700 ml.<\/p>\n<p><iframe loading=\"lazy\" width=\"560\" height=\"315\" src=\"https:\/\/www.youtube.com\/embed\/C-aJFb6IAiQ?si=YG0MVM_5ueU3LG3A&amp;start=7458\" title=\"YouTube video player\" frameborder=\"0\" allow=\"accelerometer; autoplay; clipboard-write; encrypted-media; gyroscope; picture-in-picture; web-share\" referrerpolicy=\"strict-origin-when-cross-origin\" allowfullscreen><\/iframe><\/p>\n","protected":false},"featured_media":15902,"comment_status":"open","ping_status":"closed","template":"","meta":[],"product_brand":[],"product_cat":[72],"product_tag":[108,110],"class_list":{"0":"post-15901","1":"product","2":"type-product","3":"status-publish","4":"has-post-thumbnail","6":"product_cat-single-malt","7":"product_tag-single-malt","8":"product_tag-whisky-escoces","10":"first","11":"instock","12":"shipping-taxable","13":"purchasable","14":"product-type-simple"},"_links":{"self":[{"href":"https:\/\/lawhiskeria.cr\/index.php?rest_route=\/wp\/v2\/product\/15901","targetHints":{"allow":["GET"]}}],"collection":[{"href":"https:\/\/lawhiskeria.cr\/index.php?rest_route=\/wp\/v2\/product"}],"about":[{"href":"https:\/\/lawhiskeria.cr\/index.php?rest_route=\/wp\/v2\/types\/product"}],"replies":[{"embeddable":true,"href":"https:\/\/lawhiskeria.cr\/index.php?rest_route=%2Fwp%2Fv2%2Fcomments&post=15901"}],"version-history":[{"count":2,"href":"https:\/\/lawhiskeria.cr\/index.php?rest_route=\/wp\/v2\/product\/15901\/revisions"}],"predecessor-version":[{"id":17853,"href":"https:\/\/lawhiskeria.cr\/index.php?rest_route=\/wp\/v2\/product\/15901\/revisions\/17853"}],"wp:featuredmedia":[{"embeddable":true,"href":"https:\/\/lawhiskeria.cr\/index.php?rest_route=\/wp\/v2\/media\/15902"}],"wp:attachment":[{"href":"https:\/\/lawhiskeria.cr\/index.php?rest_route=%2Fwp%2Fv2%2Fmedia&parent=15901"}],"wp:term":[{"taxonomy":"product_brand","embeddable":true,"href":"https:\/\/lawhiskeria.cr\/index.php?rest_route=%2Fwp%2Fv2%2Fproduct_brand&post=15901"},{"taxonomy":"product_cat","embeddable":true,"href":"https:\/\/lawhiskeria.cr\/index.php?rest_route=%2Fwp%2Fv2%2Fproduct_cat&post=15901"},{"taxonomy":"product_tag","embeddable":true,"href":"https:\/\/lawhiskeria.cr\/index.php?rest_route=%2Fwp%2Fv2%2Fproduct_tag&post=15901"}],"curies":[{"name":"wp","href":"https:\/\/api.w.org\/{rel}","templated":true}]}}