{"id":15898,"date":"2024-03-10T03:46:40","date_gmt":"2024-03-10T03:46:40","guid":{"rendered":"https:\/\/stag.lawhiskeria.cr\/?post_type=product&#038;p=15898"},"modified":"2024-11-03T22:52:32","modified_gmt":"2024-11-03T22:52:32","slug":"glenmorangie-12-anos-the-accord","status":"publish","type":"product","link":"https:\/\/lawhiskeria.cr\/?product=glenmorangie-12-anos-the-accord","title":{"rendered":"Glenmorangie 12 a\u00f1os &#8220;The Accord&#8221;"},"content":{"rendered":"","protected":false},"excerpt":{"rendered":"<p>Lanzado en 2019 como parte de un tr\u00edo de ediciones limitadas para el mercado minorista de viajes que incluyeron:\u00a0<u>Elementa y Tribute<\/u>. The Accord fue creado para explorar el arte cl\u00e1sico de casarse con barricas. Madurado en una combinaci\u00f3n de barricas de bourbon de roble americano y barricas de jerez oloroso seleccionadas a mano.<\/p>\n<p><b>Nariz:\u00a0<\/b>Rico en pasas, caramelo, az\u00facar moreno y manzanas al horno. Luego, el chocolate con leche y la naranja brillan con vainilla, especias suaves y caramelo.<\/p>\n<p><b>Boca:\u00a0<\/b>Las texturas almibaradas dan paso a ciruelas cubiertas de az\u00facar, almendras y az\u00facar moreno suave, junto con m\u00e1s vainilla, capuchino cremoso, manzanas acarameladas y d\u00e1tiles.<\/p>\n<p><b>Final:\u00a0<\/b>Toques de madera y cuero son seguidos por notas sutilmente especiadas de nuez moscada, clavo y jengibre.<\/p>\n<p><b>43% ABV \u2013 1000 ml.<\/b><\/p>\n<p><iframe loading=\"lazy\" width=\"560\" height=\"315\" src=\"https:\/\/www.youtube.com\/embed\/zt3HNg7Gpks?si=6vMI4H6NU6Xz9Sa_&amp;start=3956\" title=\"YouTube video player\" frameborder=\"0\" allow=\"accelerometer; autoplay; clipboard-write; encrypted-media; gyroscope; picture-in-picture; web-share\" referrerpolicy=\"strict-origin-when-cross-origin\" allowfullscreen><\/iframe><\/p>\n","protected":false},"featured_media":15899,"comment_status":"open","ping_status":"closed","template":"","meta":[],"product_brand":[],"product_cat":[72],"product_tag":[108,110],"class_list":{"0":"post-15898","1":"product","2":"type-product","3":"status-publish","4":"has-post-thumbnail","6":"product_cat-single-malt","7":"product_tag-single-malt","8":"product_tag-whisky-escoces","10":"first","11":"instock","12":"shipping-taxable","13":"purchasable","14":"product-type-simple"},"_links":{"self":[{"href":"https:\/\/lawhiskeria.cr\/index.php?rest_route=\/wp\/v2\/product\/15898","targetHints":{"allow":["GET"]}}],"collection":[{"href":"https:\/\/lawhiskeria.cr\/index.php?rest_route=\/wp\/v2\/product"}],"about":[{"href":"https:\/\/lawhiskeria.cr\/index.php?rest_route=\/wp\/v2\/types\/product"}],"replies":[{"embeddable":true,"href":"https:\/\/lawhiskeria.cr\/index.php?rest_route=%2Fwp%2Fv2%2Fcomments&post=15898"}],"version-history":[{"count":2,"href":"https:\/\/lawhiskeria.cr\/index.php?rest_route=\/wp\/v2\/product\/15898\/revisions"}],"predecessor-version":[{"id":17845,"href":"https:\/\/lawhiskeria.cr\/index.php?rest_route=\/wp\/v2\/product\/15898\/revisions\/17845"}],"wp:featuredmedia":[{"embeddable":true,"href":"https:\/\/lawhiskeria.cr\/index.php?rest_route=\/wp\/v2\/media\/15899"}],"wp:attachment":[{"href":"https:\/\/lawhiskeria.cr\/index.php?rest_route=%2Fwp%2Fv2%2Fmedia&parent=15898"}],"wp:term":[{"taxonomy":"product_brand","embeddable":true,"href":"https:\/\/lawhiskeria.cr\/index.php?rest_route=%2Fwp%2Fv2%2Fproduct_brand&post=15898"},{"taxonomy":"product_cat","embeddable":true,"href":"https:\/\/lawhiskeria.cr\/index.php?rest_route=%2Fwp%2Fv2%2Fproduct_cat&post=15898"},{"taxonomy":"product_tag","embeddable":true,"href":"https:\/\/lawhiskeria.cr\/index.php?rest_route=%2Fwp%2Fv2%2Fproduct_tag&post=15898"}],"curies":[{"name":"wp","href":"https:\/\/api.w.org\/{rel}","templated":true}]}}