{"id":15895,"date":"2024-03-10T03:43:06","date_gmt":"2024-03-10T03:43:06","guid":{"rendered":"https:\/\/stag.lawhiskeria.cr\/?post_type=product&#038;p=15895"},"modified":"2024-11-03T23:10:35","modified_gmt":"2024-11-03T23:10:35","slug":"glenmorangie-10-anos-the-original","status":"publish","type":"product","link":"https:\/\/lawhiskeria.cr\/?product=glenmorangie-10-anos-the-original","title":{"rendered":"Glenmorangie 10 a\u00f1os &#8220;The Original&#8221;"},"content":{"rendered":"<p style=\"font-weight: 400;\">Lanzado por primera vez hace m\u00e1s de 175 a\u00f1os por nuestros fundadores, el Glenmorangie original de 10 a\u00f1os era conocido por sus tonos suaves y delicadeza de sabor. Todos estos a\u00f1os despu\u00e9s, The Original sigue siendo el centro de todo lo que hacemos. Como en casa, lo llevamos con nosotros, no importa lo lejos que viajemos. Y cada vez que volvemos, descubrimos algo nuevo.<\/p>\n<p style=\"font-weight: 400;\">Para darle una delicadeza deliciosa que se puede llevar a cualquier parte, lo preparamos en nuestros alambiques altos como jirafa, luego lo envejecemos durante 10 a\u00f1os en barriles de bourbon para absorber todo tipo de sabores deliciosos. El resultado es un whisky suave que le da la bienvenida con una r\u00e1faga de c\u00edtricos, luego llama su atenci\u00f3n con capas de delicioso sabor, desde naranja hasta miel y vainilla cremosa, con r\u00e1fagas de melocot\u00f3n. Constantemente nos embarcamos en nuevos viajes sensoriales, pero siempre volvemos a casa en el Original.<\/p>\n","protected":false},"excerpt":{"rendered":"<p style=\"font-weight: 400;\"><b><strong>Notas de Cata<\/strong><\/b><\/p>\n<p style=\"font-weight: 400;\"><b><strong>Nariz:<\/strong><\/b>\u00a0Muy suave esencia c\u00edtrica a lim\u00f3n, mandarina y naranja, con notas a duraznos maduros<\/p>\n<p style=\"font-weight: 400;\"><b><strong>Boca:<\/strong><\/b>\u00a0Primero la vainilla aparece en la lengua, mientras sutilmente se va distinguiendo la expresi\u00f3n frutal y floral.<\/p>\n<p style=\"font-weight: 400;\"><b><strong>Final:\u00a0<\/strong><\/b>Corto y limpio, al minuto de tomarlo deja notas de naranja y durazno<\/p>\n<p style=\"font-weight: 400;\"><b><strong>ABV 40%. 1000 ml.<\/strong><\/b><\/p>\n<p><iframe loading=\"lazy\" width=\"560\" height=\"315\" src=\"https:\/\/www.youtube.com\/embed\/C-aJFb6IAiQ?si=MBNElBmmrY64vFbZ&amp;start=6434\" title=\"YouTube video player\" frameborder=\"0\" allow=\"accelerometer; autoplay; clipboard-write; encrypted-media; gyroscope; picture-in-picture; web-share\" referrerpolicy=\"strict-origin-when-cross-origin\" allowfullscreen><\/iframe><\/p>\n","protected":false},"featured_media":15896,"comment_status":"open","ping_status":"closed","template":"","meta":[],"product_brand":[],"product_cat":[72],"product_tag":[108,110],"class_list":{"0":"post-15895","1":"product","2":"type-product","3":"status-publish","4":"has-post-thumbnail","6":"product_cat-single-malt","7":"product_tag-single-malt","8":"product_tag-whisky-escoces","10":"first","11":"instock","12":"shipping-taxable","13":"purchasable","14":"product-type-simple"},"_links":{"self":[{"href":"https:\/\/lawhiskeria.cr\/index.php?rest_route=\/wp\/v2\/product\/15895","targetHints":{"allow":["GET"]}}],"collection":[{"href":"https:\/\/lawhiskeria.cr\/index.php?rest_route=\/wp\/v2\/product"}],"about":[{"href":"https:\/\/lawhiskeria.cr\/index.php?rest_route=\/wp\/v2\/types\/product"}],"replies":[{"embeddable":true,"href":"https:\/\/lawhiskeria.cr\/index.php?rest_route=%2Fwp%2Fv2%2Fcomments&post=15895"}],"version-history":[{"count":2,"href":"https:\/\/lawhiskeria.cr\/index.php?rest_route=\/wp\/v2\/product\/15895\/revisions"}],"predecessor-version":[{"id":17852,"href":"https:\/\/lawhiskeria.cr\/index.php?rest_route=\/wp\/v2\/product\/15895\/revisions\/17852"}],"wp:featuredmedia":[{"embeddable":true,"href":"https:\/\/lawhiskeria.cr\/index.php?rest_route=\/wp\/v2\/media\/15896"}],"wp:attachment":[{"href":"https:\/\/lawhiskeria.cr\/index.php?rest_route=%2Fwp%2Fv2%2Fmedia&parent=15895"}],"wp:term":[{"taxonomy":"product_brand","embeddable":true,"href":"https:\/\/lawhiskeria.cr\/index.php?rest_route=%2Fwp%2Fv2%2Fproduct_brand&post=15895"},{"taxonomy":"product_cat","embeddable":true,"href":"https:\/\/lawhiskeria.cr\/index.php?rest_route=%2Fwp%2Fv2%2Fproduct_cat&post=15895"},{"taxonomy":"product_tag","embeddable":true,"href":"https:\/\/lawhiskeria.cr\/index.php?rest_route=%2Fwp%2Fv2%2Fproduct_tag&post=15895"}],"curies":[{"name":"wp","href":"https:\/\/api.w.org\/{rel}","templated":true}]}}