{"id":15892,"date":"2024-03-10T03:38:49","date_gmt":"2024-03-10T03:38:49","guid":{"rendered":"https:\/\/stag.lawhiskeria.cr\/?post_type=product&#038;p=15892"},"modified":"2024-10-29T23:32:22","modified_gmt":"2024-10-29T23:32:22","slug":"glenmorangie-nectar-dor","status":"publish","type":"product","link":"https:\/\/lawhiskeria.cr\/?product=glenmorangie-nectar-dor","title":{"rendered":"Glenmorangie &#8220;NECTAR D&#8217;OR&#8221;"},"content":{"rendered":"","protected":false},"excerpt":{"rendered":"<p>No siempre se ve a barricas francesas que complementan un whisky. Nectar D&#8217;or es un ejercicio con un equilibrio incre\u00edblemente bueno. Es aqu\u00ed, en\u00a0<strong>barricas de vino Sauternes: la regi\u00f3n<\/strong>\u00a0<strong>vin\u00edcola dulce m\u00e1s famosa y antigua de Francia<\/strong>, donde nace este whisky y se\u00a0 desarrollan sus sabores ricos, picantes, como postres. No se filtra en frio para un aroma adicional y sensaci\u00f3n en la boca.<\/p>\n<p><strong>Aroma:\u00a0<\/strong>C\u00e1scara de naranja, lima y pasas, notas a coco y nuez moscada.<\/p>\n<p><strong>Gusto:<\/strong>\u00a0Jengibre, nuez moscada y almendras aportan un c\u00e1lido sabor entrelazado con un merengue de lim\u00f3n con alm\u00edbar y miel de abeja.<\/p>\n<p><strong>Final:<\/strong>\u00a0Largo y deliciosamente dulce, ralladura de lim\u00f3n, chocolate blanco, vainilla y jengibre con nuez.<\/p>\n<p><strong>ABV 46% &#8211; 700 ml.<\/strong><\/p>\n","protected":false},"featured_media":15893,"comment_status":"open","ping_status":"closed","template":"","meta":[],"product_brand":[],"product_cat":[72],"product_tag":[108,110],"class_list":{"0":"post-15892","1":"product","2":"type-product","3":"status-publish","4":"has-post-thumbnail","6":"product_cat-single-malt","7":"product_tag-single-malt","8":"product_tag-whisky-escoces","10":"first","11":"instock","12":"shipping-taxable","13":"purchasable","14":"product-type-simple"},"_links":{"self":[{"href":"https:\/\/lawhiskeria.cr\/index.php?rest_route=\/wp\/v2\/product\/15892","targetHints":{"allow":["GET"]}}],"collection":[{"href":"https:\/\/lawhiskeria.cr\/index.php?rest_route=\/wp\/v2\/product"}],"about":[{"href":"https:\/\/lawhiskeria.cr\/index.php?rest_route=\/wp\/v2\/types\/product"}],"replies":[{"embeddable":true,"href":"https:\/\/lawhiskeria.cr\/index.php?rest_route=%2Fwp%2Fv2%2Fcomments&post=15892"}],"version-history":[{"count":1,"href":"https:\/\/lawhiskeria.cr\/index.php?rest_route=\/wp\/v2\/product\/15892\/revisions"}],"predecessor-version":[{"id":15894,"href":"https:\/\/lawhiskeria.cr\/index.php?rest_route=\/wp\/v2\/product\/15892\/revisions\/15894"}],"wp:featuredmedia":[{"embeddable":true,"href":"https:\/\/lawhiskeria.cr\/index.php?rest_route=\/wp\/v2\/media\/15893"}],"wp:attachment":[{"href":"https:\/\/lawhiskeria.cr\/index.php?rest_route=%2Fwp%2Fv2%2Fmedia&parent=15892"}],"wp:term":[{"taxonomy":"product_brand","embeddable":true,"href":"https:\/\/lawhiskeria.cr\/index.php?rest_route=%2Fwp%2Fv2%2Fproduct_brand&post=15892"},{"taxonomy":"product_cat","embeddable":true,"href":"https:\/\/lawhiskeria.cr\/index.php?rest_route=%2Fwp%2Fv2%2Fproduct_cat&post=15892"},{"taxonomy":"product_tag","embeddable":true,"href":"https:\/\/lawhiskeria.cr\/index.php?rest_route=%2Fwp%2Fv2%2Fproduct_tag&post=15892"}],"curies":[{"name":"wp","href":"https:\/\/api.w.org\/{rel}","templated":true}]}}