{"id":15883,"date":"2024-03-10T03:26:13","date_gmt":"2024-03-10T03:26:13","guid":{"rendered":"https:\/\/stag.lawhiskeria.cr\/?post_type=product&#038;p=15883"},"modified":"2025-11-12T18:09:42","modified_gmt":"2025-11-12T18:09:42","slug":"glenfiddich-vintage-cask","status":"publish","type":"product","link":"https:\/\/lawhiskeria.cr\/?product=glenfiddich-vintage-cask","title":{"rendered":"Glenfiddich Vintage Cask"},"content":{"rendered":"","protected":false},"excerpt":{"rendered":"<p><span lang=\"ES-MX\" xml:lang=\"ES-MX\">Un whisky de malta turboso, madurado en barricas de cosecha europea y borb\u00f3nica y casado en nuestra exclusiva tina Vintage Cask Solera, que da como resultado un whisky aterciopelado con car\u00e1cter ahumado y persistente.<\/span><\/p>\n<p><span lang=\"ES-MX\" xml:lang=\"ES-MX\">Nuestro Malt Master tiene whiskies Glenfiddich de turba seleccionados a mano madurados en barricas de cosecha europea y borb\u00f3nica. Estos whiskies se combinan en peque\u00f1os lotes en nuestro exclusivo Vintage Cask Solera.\u00a0<\/span><\/p>\n<p><span lang=\"ES-MX\" xml:lang=\"ES-MX\">Los whiskies de turba adquieren un car\u00e1cter vibrante de manzana toffee del roble europeo.\u00a0\u00a0 El roble imparte capas de brasas ahumadas adicionales y una suavidad aterciopelada de vainilla al whisky.<\/span><\/p>\n<p>Notas de cata<\/p>\n<p><b><span lang=\"ES-MX\" xml:lang=\"ES-MX\">Nariz:\u00a0<\/span><\/b><span lang=\"ES-MX\" xml:lang=\"ES-MX\">Paja reci\u00e9n cortada y humo de hoguera en una tarde de oto\u00f1o. La mezcla del ahumado y las notas florales y frondosas es bastante fascina.<\/span><\/p>\n<p><b><span lang=\"ES-MX\" xml:lang=\"ES-MX\">Paladar:\u00a0<\/span><\/b><span lang=\"ES-MX\" xml:lang=\"ES-MX\">Un estallido inicial de dulzor con vainilla, cr\u00e8me brul\u00e9e y c\u00edtricos es seguido inmediatamente por una r\u00e1faga de humo, brasas ardientes y flores de prado. El sabor serpentea de dulce a ahumado y viceversa con cada sorbo.<\/span><\/p>\n<p><b><span lang=\"ES-MX\" xml:lang=\"ES-MX\">Final:\u00a0<\/span><\/b><span lang=\"ES-MX\" xml:lang=\"ES-MX\">Roble dulce y ahumado seco<\/span><\/p>\n<p><b><span lang=\"ES-MX\" xml:lang=\"ES-MX\">Presentaci\u00f3n:<\/span><\/b><span lang=\"ES-MX\" xml:lang=\"ES-MX\">\u00a0Botella 700 ml.\u00a0<\/span><b><span lang=\"ES-MX\" xml:lang=\"ES-MX\">Porcentaje:<\/span><\/b><span lang=\"ES-MX\" xml:lang=\"ES-MX\">\u00a0Alcohol: 40%<\/span><\/p>\n","protected":false},"featured_media":15884,"comment_status":"open","ping_status":"closed","template":"","meta":[],"product_brand":[],"product_cat":[32,72],"product_tag":[108,110],"class_list":{"0":"post-15883","1":"product","2":"type-product","3":"status-publish","4":"has-post-thumbnail","6":"product_cat-whisky","7":"product_cat-single-malt","8":"product_tag-single-malt","9":"product_tag-whisky-escoces","11":"first","12":"instock","13":"shipping-taxable","14":"purchasable","15":"product-type-simple"},"_links":{"self":[{"href":"https:\/\/lawhiskeria.cr\/index.php?rest_route=\/wp\/v2\/product\/15883","targetHints":{"allow":["GET"]}}],"collection":[{"href":"https:\/\/lawhiskeria.cr\/index.php?rest_route=\/wp\/v2\/product"}],"about":[{"href":"https:\/\/lawhiskeria.cr\/index.php?rest_route=\/wp\/v2\/types\/product"}],"replies":[{"embeddable":true,"href":"https:\/\/lawhiskeria.cr\/index.php?rest_route=%2Fwp%2Fv2%2Fcomments&post=15883"}],"version-history":[{"count":1,"href":"https:\/\/lawhiskeria.cr\/index.php?rest_route=\/wp\/v2\/product\/15883\/revisions"}],"predecessor-version":[{"id":15885,"href":"https:\/\/lawhiskeria.cr\/index.php?rest_route=\/wp\/v2\/product\/15883\/revisions\/15885"}],"wp:featuredmedia":[{"embeddable":true,"href":"https:\/\/lawhiskeria.cr\/index.php?rest_route=\/wp\/v2\/media\/15884"}],"wp:attachment":[{"href":"https:\/\/lawhiskeria.cr\/index.php?rest_route=%2Fwp%2Fv2%2Fmedia&parent=15883"}],"wp:term":[{"taxonomy":"product_brand","embeddable":true,"href":"https:\/\/lawhiskeria.cr\/index.php?rest_route=%2Fwp%2Fv2%2Fproduct_brand&post=15883"},{"taxonomy":"product_cat","embeddable":true,"href":"https:\/\/lawhiskeria.cr\/index.php?rest_route=%2Fwp%2Fv2%2Fproduct_cat&post=15883"},{"taxonomy":"product_tag","embeddable":true,"href":"https:\/\/lawhiskeria.cr\/index.php?rest_route=%2Fwp%2Fv2%2Fproduct_tag&post=15883"}],"curies":[{"name":"wp","href":"https:\/\/api.w.org\/{rel}","templated":true}]}}