{"id":15865,"date":"2024-03-10T02:56:25","date_gmt":"2024-03-10T02:56:25","guid":{"rendered":"https:\/\/stag.lawhiskeria.cr\/?post_type=product&#038;p=15865"},"modified":"2024-10-30T20:23:19","modified_gmt":"2024-10-30T20:23:19","slug":"glenfiddich-18-anos","status":"publish","type":"product","link":"https:\/\/lawhiskeria.cr\/?product=glenfiddich-18-anos","title":{"rendered":"Glenfiddich 18 a\u00f1os"},"content":{"rendered":"","protected":false},"excerpt":{"rendered":"<p><strong>ROBLE, MANZANA AL HORNO, CANELA.<\/strong><\/p>\n<p>Usamos madera fina de Oloroso espa\u00f1ol y roble americano para madurar esta expresi\u00f3n de roble rica, intrigantemente afrutada y robusta, pero hay muchas m\u00e1s razones por las que esta expresi\u00f3n es especial.<\/p>\n<p>Cada lote se numera individualmente y se vigila cuidadosamente. Cada uno tiene una consistencia y un car\u00e1cter extraordinarios de un per\u00edodo intenso de casamiento, y un final c\u00e1lido y distinguido.<\/p>\n<p>Un whisky de malta verdaderamente excepcional, el resultado no solo de dieciocho a\u00f1os de cuidado y atenci\u00f3n, sino de la artesan\u00eda y el conocimiento de la elaboraci\u00f3n del whisky transmitidos de generaci\u00f3n en generaci\u00f3n.<\/p>\n<p><strong>COLOR:<\/strong>\u00a0Oro oscuro.<\/p>\n<p><strong>NARIZ<\/strong>: Un aroma notablemente rico con fruta madura del huerto, manzana al horno y roble robusto.<\/p>\n<p><strong>GUSTO:<\/strong>\u00a0Ofrece deliciosos frutos secos, c\u00e1scaras de caramelo y d\u00e1tiles. Recubierto de elegantes notas de roble.<\/p>\n<p><strong>FINAL:\u00a0<\/strong>C\u00e1lido, gratificante y distinguido.<\/p>\n<p><strong>ABV 40%, 750 ML<\/strong><\/p>\n<p>&nbsp;<\/p>\n","protected":false},"featured_media":15866,"comment_status":"open","ping_status":"closed","template":"","meta":[],"product_brand":[],"product_cat":[72],"product_tag":[108,110],"class_list":{"0":"post-15865","1":"product","2":"type-product","3":"status-publish","4":"has-post-thumbnail","6":"product_cat-single-malt","7":"product_tag-single-malt","8":"product_tag-whisky-escoces","10":"first","11":"instock","12":"shipping-taxable","13":"purchasable","14":"product-type-simple"},"_links":{"self":[{"href":"https:\/\/lawhiskeria.cr\/index.php?rest_route=\/wp\/v2\/product\/15865","targetHints":{"allow":["GET"]}}],"collection":[{"href":"https:\/\/lawhiskeria.cr\/index.php?rest_route=\/wp\/v2\/product"}],"about":[{"href":"https:\/\/lawhiskeria.cr\/index.php?rest_route=\/wp\/v2\/types\/product"}],"replies":[{"embeddable":true,"href":"https:\/\/lawhiskeria.cr\/index.php?rest_route=%2Fwp%2Fv2%2Fcomments&post=15865"}],"version-history":[{"count":1,"href":"https:\/\/lawhiskeria.cr\/index.php?rest_route=\/wp\/v2\/product\/15865\/revisions"}],"predecessor-version":[{"id":15867,"href":"https:\/\/lawhiskeria.cr\/index.php?rest_route=\/wp\/v2\/product\/15865\/revisions\/15867"}],"wp:featuredmedia":[{"embeddable":true,"href":"https:\/\/lawhiskeria.cr\/index.php?rest_route=\/wp\/v2\/media\/15866"}],"wp:attachment":[{"href":"https:\/\/lawhiskeria.cr\/index.php?rest_route=%2Fwp%2Fv2%2Fmedia&parent=15865"}],"wp:term":[{"taxonomy":"product_brand","embeddable":true,"href":"https:\/\/lawhiskeria.cr\/index.php?rest_route=%2Fwp%2Fv2%2Fproduct_brand&post=15865"},{"taxonomy":"product_cat","embeddable":true,"href":"https:\/\/lawhiskeria.cr\/index.php?rest_route=%2Fwp%2Fv2%2Fproduct_cat&post=15865"},{"taxonomy":"product_tag","embeddable":true,"href":"https:\/\/lawhiskeria.cr\/index.php?rest_route=%2Fwp%2Fv2%2Fproduct_tag&post=15865"}],"curies":[{"name":"wp","href":"https:\/\/api.w.org\/{rel}","templated":true}]}}