{"id":15857,"date":"2024-03-10T02:40:24","date_gmt":"2024-03-10T02:40:24","guid":{"rendered":"https:\/\/stag.lawhiskeria.cr\/?post_type=product&#038;p=15857"},"modified":"2024-10-30T20:17:56","modified_gmt":"2024-10-30T20:17:56","slug":"glenfiddich-12-anos-750-ml","status":"publish","type":"product","link":"https:\/\/lawhiskeria.cr\/?product=glenfiddich-12-anos-750-ml","title":{"rendered":"Glenfiddich 12 a\u00f1os (750 ml)"},"content":{"rendered":"","protected":false},"excerpt":{"rendered":"<p>Fluyendo en el Valle de los Ciervos desde 1887, la expresi\u00f3n caracter\u00edstica de nuestra familia es el whisky escoc\u00e9s de pura malta m\u00e1s premiado del mundo.<\/p>\n<p>Con una frescura \u00fanica de la misma agua de manantial de las Highlands que hemos usado desde 1887, su sabor afrutado distintivo proviene del alto punto de corte en el que siempre insisti\u00f3 William Grant.<\/p>\n<p>Cuidadosamente madurado en las mejores barricas de roble americano y roble europeo durante al menos 12 a\u00f1os, se suaviza en tinas de roble para crear sus dulces y sutiles sabores de roble.<\/p>\n<p>Cremoso con un final largo, suave; nuestro 12 a\u00f1os es el ejemplo perfecto del estilo \u00fanico de Speyside de Glenfiddich y es ampliamente proclamado como el mejor trago del valle.<\/p>\n<p>Notas de cata:<\/p>\n<p><strong>COLOR<\/strong>: dorado<\/p>\n<p><strong>NARIZ<\/strong>: Distintivamente fresco y afrutado con un toque de pera. Bellamente elaborado y delicadamente equilibrado.<\/p>\n<p><strong>GUSTO<\/strong>: Caracter\u00edsticas notas dulces y afrutadas. Se convierte en caramelo, crema, malta y sutiles sabores a roble.<\/p>\n<p><strong>TERMINAR<\/strong>: Final largo, suave y meloso.\u00a0ABV 40%. 750 ml.<\/p>\n<p>&nbsp;<\/p>\n","protected":false},"featured_media":15858,"comment_status":"open","ping_status":"closed","template":"","meta":[],"product_brand":[],"product_cat":[72],"product_tag":[108,110],"class_list":{"0":"post-15857","1":"product","2":"type-product","3":"status-publish","4":"has-post-thumbnail","6":"product_cat-single-malt","7":"product_tag-single-malt","8":"product_tag-whisky-escoces","10":"first","11":"instock","12":"shipping-taxable","13":"purchasable","14":"product-type-simple"},"_links":{"self":[{"href":"https:\/\/lawhiskeria.cr\/index.php?rest_route=\/wp\/v2\/product\/15857","targetHints":{"allow":["GET"]}}],"collection":[{"href":"https:\/\/lawhiskeria.cr\/index.php?rest_route=\/wp\/v2\/product"}],"about":[{"href":"https:\/\/lawhiskeria.cr\/index.php?rest_route=\/wp\/v2\/types\/product"}],"replies":[{"embeddable":true,"href":"https:\/\/lawhiskeria.cr\/index.php?rest_route=%2Fwp%2Fv2%2Fcomments&post=15857"}],"version-history":[{"count":1,"href":"https:\/\/lawhiskeria.cr\/index.php?rest_route=\/wp\/v2\/product\/15857\/revisions"}],"predecessor-version":[{"id":15859,"href":"https:\/\/lawhiskeria.cr\/index.php?rest_route=\/wp\/v2\/product\/15857\/revisions\/15859"}],"wp:featuredmedia":[{"embeddable":true,"href":"https:\/\/lawhiskeria.cr\/index.php?rest_route=\/wp\/v2\/media\/15858"}],"wp:attachment":[{"href":"https:\/\/lawhiskeria.cr\/index.php?rest_route=%2Fwp%2Fv2%2Fmedia&parent=15857"}],"wp:term":[{"taxonomy":"product_brand","embeddable":true,"href":"https:\/\/lawhiskeria.cr\/index.php?rest_route=%2Fwp%2Fv2%2Fproduct_brand&post=15857"},{"taxonomy":"product_cat","embeddable":true,"href":"https:\/\/lawhiskeria.cr\/index.php?rest_route=%2Fwp%2Fv2%2Fproduct_cat&post=15857"},{"taxonomy":"product_tag","embeddable":true,"href":"https:\/\/lawhiskeria.cr\/index.php?rest_route=%2Fwp%2Fv2%2Fproduct_tag&post=15857"}],"curies":[{"name":"wp","href":"https:\/\/api.w.org\/{rel}","templated":true}]}}