{"id":15851,"date":"2024-03-10T02:30:31","date_gmt":"2024-03-10T02:30:31","guid":{"rendered":"https:\/\/stag.lawhiskeria.cr\/?post_type=product&#038;p=15851"},"modified":"2024-11-03T23:25:54","modified_gmt":"2024-11-03T23:25:54","slug":"busker-irish-whiskey-single-grain","status":"publish","type":"product","link":"https:\/\/lawhiskeria.cr\/?product=busker-irish-whiskey-single-grain","title":{"rendered":"Busker Irish Whiskey Single Grain"},"content":{"rendered":"","protected":false},"excerpt":{"rendered":"<p style=\"font-weight: 400;\">El secreto de nuestro\u00a0<b><strong>Single Grain<\/strong><\/b>\u00a0est\u00e1 en elegir bebidas espirituosas de la m\u00e1s alta calidad y madurarlas al menos 4 a\u00f1os en nuestras barricas de bourbon seleccionadas a mano de EE. UU. y en una rara barrica de\u00a0<b><strong>Marsala\u00a0<\/strong><\/b>de una de las bodegas sicilianas m\u00e1s antiguas:\u00a0<b><strong>Cantine Florio 1833.<\/strong><\/b><\/p>\n<p style=\"font-weight: 400;\"><b><strong>Notas de cata:<\/strong><\/b><\/p>\n<p style=\"font-weight: 400;\"><b><strong>Color:<\/strong><\/b>\u00a0Pajizo claro.<\/p>\n<p style=\"font-weight: 400;\"><b><strong>Nariz:<\/strong><\/b>\u00a0\u00a0Caramelo dulce y notas suaves de vainilla y roble.<\/p>\n<p style=\"font-weight: 400;\"><b><strong>Boca:<\/strong><\/b>\u00a0Se experimentar\u00e1n notas de caramelo, vainilla, roble y heno.<\/p>\n<p style=\"font-weight: 400;\"><b><strong>Final:<\/strong><\/b>\u00a0Largo, seco y dulce.<\/p>\n<p style=\"font-weight: 400;\"><b><strong>Triple destilado ABV 44.3% &#8211; 700 ml.<\/strong><\/b><\/p>\n<p><iframe loading=\"lazy\" width=\"560\" height=\"315\" src=\"https:\/\/www.youtube.com\/embed\/xxDQ2aklzf8?si=QzVmJnpF9C5NSltY&amp;start=4259\" title=\"YouTube video player\" frameborder=\"0\" allow=\"accelerometer; autoplay; clipboard-write; encrypted-media; gyroscope; picture-in-picture; web-share\" referrerpolicy=\"strict-origin-when-cross-origin\" allowfullscreen><\/iframe><\/p>\n","protected":false},"featured_media":15852,"comment_status":"open","ping_status":"closed","template":"","meta":[],"product_brand":[],"product_cat":[72],"product_tag":[115,105,116],"class_list":{"0":"post-15851","1":"product","2":"type-product","3":"status-publish","4":"has-post-thumbnail","6":"product_cat-single-malt","7":"product_tag-irish-whiskey","8":"product_tag-single-grain","9":"product_tag-whisky-irlandes","11":"first","12":"instock","13":"shipping-taxable","14":"purchasable","15":"product-type-simple"},"_links":{"self":[{"href":"https:\/\/lawhiskeria.cr\/index.php?rest_route=\/wp\/v2\/product\/15851","targetHints":{"allow":["GET"]}}],"collection":[{"href":"https:\/\/lawhiskeria.cr\/index.php?rest_route=\/wp\/v2\/product"}],"about":[{"href":"https:\/\/lawhiskeria.cr\/index.php?rest_route=\/wp\/v2\/types\/product"}],"replies":[{"embeddable":true,"href":"https:\/\/lawhiskeria.cr\/index.php?rest_route=%2Fwp%2Fv2%2Fcomments&post=15851"}],"version-history":[{"count":2,"href":"https:\/\/lawhiskeria.cr\/index.php?rest_route=\/wp\/v2\/product\/15851\/revisions"}],"predecessor-version":[{"id":17856,"href":"https:\/\/lawhiskeria.cr\/index.php?rest_route=\/wp\/v2\/product\/15851\/revisions\/17856"}],"wp:featuredmedia":[{"embeddable":true,"href":"https:\/\/lawhiskeria.cr\/index.php?rest_route=\/wp\/v2\/media\/15852"}],"wp:attachment":[{"href":"https:\/\/lawhiskeria.cr\/index.php?rest_route=%2Fwp%2Fv2%2Fmedia&parent=15851"}],"wp:term":[{"taxonomy":"product_brand","embeddable":true,"href":"https:\/\/lawhiskeria.cr\/index.php?rest_route=%2Fwp%2Fv2%2Fproduct_brand&post=15851"},{"taxonomy":"product_cat","embeddable":true,"href":"https:\/\/lawhiskeria.cr\/index.php?rest_route=%2Fwp%2Fv2%2Fproduct_cat&post=15851"},{"taxonomy":"product_tag","embeddable":true,"href":"https:\/\/lawhiskeria.cr\/index.php?rest_route=%2Fwp%2Fv2%2Fproduct_tag&post=15851"}],"curies":[{"name":"wp","href":"https:\/\/api.w.org\/{rel}","templated":true}]}}