{"id":15848,"date":"2024-03-10T02:26:55","date_gmt":"2024-03-10T02:26:55","guid":{"rendered":"https:\/\/stag.lawhiskeria.cr\/?post_type=product&#038;p=15848"},"modified":"2024-11-03T23:49:47","modified_gmt":"2024-11-03T23:49:47","slug":"busker-irish-whiskey-pot-still","status":"publish","type":"product","link":"https:\/\/lawhiskeria.cr\/?product=busker-irish-whiskey-pot-still","title":{"rendered":"Busker Irish Whiskey Pot Still"},"content":{"rendered":"","protected":false},"excerpt":{"rendered":"<p style=\"font-weight: 400;\"><b><strong>El Busker Pot Still<\/strong><\/b>\u00a0es una expresi\u00f3n distintiva de Irlanda con un car\u00e1cter excepcional. Elaborado con cebada de la manera tradicional en alambiques de cobre, luego madurado por al menos 4 a\u00f1os en barricas de bourbon y con un acabado en barricas de jerez.<\/p>\n<p style=\"font-weight: 400;\"><b><strong>Color:\u00a0<\/strong><\/b>\u00c1mbar.<\/p>\n<p style=\"font-weight: 400;\"><b><strong>Nariz:\u00a0<\/strong><\/b>Rico y complejo aroma que consiste en flores frescas, miel, roble, dulce de az\u00facar y aceite de clavo.<\/p>\n<p style=\"font-weight: 400;\"><b><strong>Boca:\u00a0<\/strong><\/b>Las papilas gustativas se inician con algunas hermosas especias intensas y notas picantes, equilibradas con un poco de caramelo.<\/p>\n<p style=\"font-weight: 400;\"><b><strong>Final:<\/strong><\/b>\u00a0Largo, c\u00e1lido y especiado.<\/p>\n<p style=\"font-weight: 400;\"><b><strong>Triple destilado ABV 44.3% &#8211; 700 ml.<\/strong><\/b><\/p>\n<p><iframe loading=\"lazy\" width=\"560\" height=\"315\" src=\"https:\/\/www.youtube.com\/embed\/xxDQ2aklzf8?si=aLSOCMa4BelqBbl6&amp;start=4359\" title=\"YouTube video player\" frameborder=\"0\" allow=\"accelerometer; autoplay; clipboard-write; encrypted-media; gyroscope; picture-in-picture; web-share\" referrerpolicy=\"strict-origin-when-cross-origin\" allowfullscreen><\/iframe><\/p>\n","protected":false},"featured_media":15849,"comment_status":"open","ping_status":"closed","template":"","meta":[],"product_brand":[],"product_cat":[72],"product_tag":[115,117,116],"class_list":{"0":"post-15848","1":"product","2":"type-product","3":"status-publish","4":"has-post-thumbnail","6":"product_cat-single-malt","7":"product_tag-irish-whiskey","8":"product_tag-single-pot-still","9":"product_tag-whisky-irlandes","11":"first","12":"instock","13":"shipping-taxable","14":"purchasable","15":"product-type-simple"},"_links":{"self":[{"href":"https:\/\/lawhiskeria.cr\/index.php?rest_route=\/wp\/v2\/product\/15848","targetHints":{"allow":["GET"]}}],"collection":[{"href":"https:\/\/lawhiskeria.cr\/index.php?rest_route=\/wp\/v2\/product"}],"about":[{"href":"https:\/\/lawhiskeria.cr\/index.php?rest_route=\/wp\/v2\/types\/product"}],"replies":[{"embeddable":true,"href":"https:\/\/lawhiskeria.cr\/index.php?rest_route=%2Fwp%2Fv2%2Fcomments&post=15848"}],"version-history":[{"count":2,"href":"https:\/\/lawhiskeria.cr\/index.php?rest_route=\/wp\/v2\/product\/15848\/revisions"}],"predecessor-version":[{"id":17857,"href":"https:\/\/lawhiskeria.cr\/index.php?rest_route=\/wp\/v2\/product\/15848\/revisions\/17857"}],"wp:featuredmedia":[{"embeddable":true,"href":"https:\/\/lawhiskeria.cr\/index.php?rest_route=\/wp\/v2\/media\/15849"}],"wp:attachment":[{"href":"https:\/\/lawhiskeria.cr\/index.php?rest_route=%2Fwp%2Fv2%2Fmedia&parent=15848"}],"wp:term":[{"taxonomy":"product_brand","embeddable":true,"href":"https:\/\/lawhiskeria.cr\/index.php?rest_route=%2Fwp%2Fv2%2Fproduct_brand&post=15848"},{"taxonomy":"product_cat","embeddable":true,"href":"https:\/\/lawhiskeria.cr\/index.php?rest_route=%2Fwp%2Fv2%2Fproduct_cat&post=15848"},{"taxonomy":"product_tag","embeddable":true,"href":"https:\/\/lawhiskeria.cr\/index.php?rest_route=%2Fwp%2Fv2%2Fproduct_tag&post=15848"}],"curies":[{"name":"wp","href":"https:\/\/api.w.org\/{rel}","templated":true}]}}