{"id":15829,"date":"2024-03-09T02:30:23","date_gmt":"2024-03-09T02:30:23","guid":{"rendered":"https:\/\/stag.lawhiskeria.cr\/?post_type=product&#038;p=15829"},"modified":"2024-10-30T22:14:43","modified_gmt":"2024-10-30T22:14:43","slug":"wild-turkey-straight-rye","status":"publish","type":"product","link":"https:\/\/lawhiskeria.cr\/?product=wild-turkey-straight-rye","title":{"rendered":"Wild Turkey 101 RYE"},"content":{"rendered":"","protected":false},"excerpt":{"rendered":"<p><strong>Wild Turkey\u00ae 101 Rye<\/strong> es un aut\u00e9ntico whisky de centeno, un homenaje a la pasi\u00f3n y convicci\u00f3n inquebrantables del maestro destilador Jimmy Russell. Con su intenso sabor a centeno, este legendario whisky elaborado en Kentucky es \u00fanico en su categor\u00eda. A\u00f1ejado en las barricas de roble blanco americano m\u00e1s carbonizadas, <strong>Wild Turkey\u00ae 101 Rye<\/strong> tiene una personalidad segura y sin complejos y un color \u00e1mbar dorado intenso.<\/p>\n<p>Un legendario whisky de centeno puro de 101 grados conocido por su color \u00e1mbar dorado intenso y su sabor c\u00e1lido y ahumado con un aroma rico y equilibrado de vainilla y especias. Conocido por su final prolongado, <strong>Wild Turkey 101 Rye<\/strong> exhibe un toque picante caracter\u00edstico que se destaca en un c\u00f3ctel cl\u00e1sico. Es lo que creemos que deber\u00eda saber un verdadero whisky de centeno estadounidense.<\/p>\n<p><strong>Aroma:<\/strong> Caramelo rico y equilibrado con miel y vainilla.<\/p>\n<p><strong>Gusto:<\/strong> Sabores c\u00e1lidos y ahumados de granos y especias.<\/p>\n<p><strong>Final:<\/strong> Especias largas y persistentes con notas de humo.<\/p>\n<p><strong>A\u00f1ejado por un m\u00ednimo de 4 a\u00f1os. <\/strong><\/p>\n<p><strong>ABV 50.5% &#8211; 750 ml.<\/strong><\/p>\n","protected":false},"featured_media":17129,"comment_status":"open","ping_status":"closed","template":"","meta":[],"product_brand":[],"product_cat":[70],"product_tag":[79,98,94,99],"class_list":{"0":"post-15829","1":"product","2":"type-product","3":"status-publish","4":"has-post-thumbnail","6":"product_cat-bourbon-american-whiskey","7":"product_tag-american-whiskey","8":"product_tag-rye","9":"product_tag-straight","10":"product_tag-whisky-centeno","12":"first","13":"instock","14":"shipping-taxable","15":"purchasable","16":"product-type-simple"},"_links":{"self":[{"href":"https:\/\/lawhiskeria.cr\/index.php?rest_route=\/wp\/v2\/product\/15829","targetHints":{"allow":["GET"]}}],"collection":[{"href":"https:\/\/lawhiskeria.cr\/index.php?rest_route=\/wp\/v2\/product"}],"about":[{"href":"https:\/\/lawhiskeria.cr\/index.php?rest_route=\/wp\/v2\/types\/product"}],"replies":[{"embeddable":true,"href":"https:\/\/lawhiskeria.cr\/index.php?rest_route=%2Fwp%2Fv2%2Fcomments&post=15829"}],"version-history":[{"count":3,"href":"https:\/\/lawhiskeria.cr\/index.php?rest_route=\/wp\/v2\/product\/15829\/revisions"}],"predecessor-version":[{"id":17130,"href":"https:\/\/lawhiskeria.cr\/index.php?rest_route=\/wp\/v2\/product\/15829\/revisions\/17130"}],"wp:featuredmedia":[{"embeddable":true,"href":"https:\/\/lawhiskeria.cr\/index.php?rest_route=\/wp\/v2\/media\/17129"}],"wp:attachment":[{"href":"https:\/\/lawhiskeria.cr\/index.php?rest_route=%2Fwp%2Fv2%2Fmedia&parent=15829"}],"wp:term":[{"taxonomy":"product_brand","embeddable":true,"href":"https:\/\/lawhiskeria.cr\/index.php?rest_route=%2Fwp%2Fv2%2Fproduct_brand&post=15829"},{"taxonomy":"product_cat","embeddable":true,"href":"https:\/\/lawhiskeria.cr\/index.php?rest_route=%2Fwp%2Fv2%2Fproduct_cat&post=15829"},{"taxonomy":"product_tag","embeddable":true,"href":"https:\/\/lawhiskeria.cr\/index.php?rest_route=%2Fwp%2Fv2%2Fproduct_tag&post=15829"}],"curies":[{"name":"wp","href":"https:\/\/api.w.org\/{rel}","templated":true}]}}