{"id":15779,"date":"2024-03-09T00:58:44","date_gmt":"2024-03-09T00:58:44","guid":{"rendered":"https:\/\/stag.lawhiskeria.cr\/?post_type=product&#038;p=15779"},"modified":"2024-10-29T05:56:26","modified_gmt":"2024-10-29T05:56:26","slug":"jack-daniels-old-n-7-1l","status":"publish","type":"product","link":"https:\/\/lawhiskeria.cr\/?product=jack-daniels-old-n-7-1l","title":{"rendered":"Jack Daniel&#8217;s Old N.7 &#8211; 1L"},"content":{"rendered":"","protected":false},"excerpt":{"rendered":"<p style=\"font-weight: 400;\">Suavizado gota a gota a trav\u00e9s de 10 pies de carb\u00f3n de arce de az\u00facar, luego madurado en barriles hechos a mano de nuestra propia fabricaci\u00f3n. Y nuestro Tennessee Whiskey no sigue un calendario. Solo estar\u00e1 listo cuando nuestros catadores digan que lo est\u00e1. Lo juzgamos por la forma en que se ve. Por su aroma. Y por supuesto, por su sabor. As\u00ed lo hizo el propio Jack Daniel hace m\u00e1s de un siglo. Y c\u00f3mo todav\u00eda lo hacemos hoy.<\/p>\n<p style=\"font-weight: 400;\">Nariz: balanceado, dulce y roble de cuerpo medio.<\/p>\n<p style=\"font-weight: 400;\">Boca: Paladar medio, con buen equilibro entre la dulzura y el roble, excelentemente mezclado.<\/p>\n<p style=\"font-weight: 400;\">ABV 40% &#8211; 1000 ml.<\/p>\n","protected":false},"featured_media":15780,"comment_status":"open","ping_status":"closed","template":"","meta":[],"product_brand":[],"product_cat":[70],"product_tag":[79,101],"class_list":{"0":"post-15779","1":"product","2":"type-product","3":"status-publish","4":"has-post-thumbnail","6":"product_cat-bourbon-american-whiskey","7":"product_tag-american-whiskey","8":"product_tag-tennesse-whiskey","10":"first","11":"instock","12":"shipping-taxable","13":"purchasable","14":"product-type-simple"},"_links":{"self":[{"href":"https:\/\/lawhiskeria.cr\/index.php?rest_route=\/wp\/v2\/product\/15779","targetHints":{"allow":["GET"]}}],"collection":[{"href":"https:\/\/lawhiskeria.cr\/index.php?rest_route=\/wp\/v2\/product"}],"about":[{"href":"https:\/\/lawhiskeria.cr\/index.php?rest_route=\/wp\/v2\/types\/product"}],"replies":[{"embeddable":true,"href":"https:\/\/lawhiskeria.cr\/index.php?rest_route=%2Fwp%2Fv2%2Fcomments&post=15779"}],"version-history":[{"count":2,"href":"https:\/\/lawhiskeria.cr\/index.php?rest_route=\/wp\/v2\/product\/15779\/revisions"}],"predecessor-version":[{"id":16900,"href":"https:\/\/lawhiskeria.cr\/index.php?rest_route=\/wp\/v2\/product\/15779\/revisions\/16900"}],"wp:featuredmedia":[{"embeddable":true,"href":"https:\/\/lawhiskeria.cr\/index.php?rest_route=\/wp\/v2\/media\/15780"}],"wp:attachment":[{"href":"https:\/\/lawhiskeria.cr\/index.php?rest_route=%2Fwp%2Fv2%2Fmedia&parent=15779"}],"wp:term":[{"taxonomy":"product_brand","embeddable":true,"href":"https:\/\/lawhiskeria.cr\/index.php?rest_route=%2Fwp%2Fv2%2Fproduct_brand&post=15779"},{"taxonomy":"product_cat","embeddable":true,"href":"https:\/\/lawhiskeria.cr\/index.php?rest_route=%2Fwp%2Fv2%2Fproduct_cat&post=15779"},{"taxonomy":"product_tag","embeddable":true,"href":"https:\/\/lawhiskeria.cr\/index.php?rest_route=%2Fwp%2Fv2%2Fproduct_tag&post=15779"}],"curies":[{"name":"wp","href":"https:\/\/api.w.org\/{rel}","templated":true}]}}