{"id":15776,"date":"2024-03-09T00:18:21","date_gmt":"2024-03-09T00:18:21","guid":{"rendered":"https:\/\/stag.lawhiskeria.cr\/?post_type=product&#038;p=15776"},"modified":"2024-10-30T21:11:50","modified_gmt":"2024-10-30T21:11:50","slug":"high-west-double-rye","status":"publish","type":"product","link":"https:\/\/lawhiskeria.cr\/?product=high-west-double-rye","title":{"rendered":"High West Double Rye"},"content":{"rendered":"","protected":false},"excerpt":{"rendered":"<p style=\"font-weight: 400;\">Nuestro distintivo\u00a0<b><strong>Double Rye<\/strong><\/b>\u00a0encarna un equilibrio armonioso de atrevidas especias de centeno con brillantes notas bot\u00e1nicas que muestran simult\u00e1neamente capas de frescura y complejidad. Una mezcla de\u00a0<b><strong>whiskies de columna y de alambique<\/strong><\/b>. Seleccionado para resaltar el maravilloso y atrevido car\u00e1cter especiado que proviene de los whiskies con alto contenido de centeno, as\u00ed como un refrescante brillo bot\u00e1nico. Un perfil de sabor \u00fanico y equilibrado de canela, galletas de jengibre, enebro, ramitas de menta y miel fresca de flores silvestres.<\/p>\n<p style=\"font-weight: 400;\"><b><strong>Mashbill:\u00a0<\/strong><\/b>Whiskies puros de centeno: 95% centeno, 5% malta de cebada de MGP;<\/p>\n<p><span style=\"font-weight: 400;\">\u00a080% centeno, 20% centeno malteado de High West Distillery<\/span><\/p>\n<p style=\"font-weight: 400;\"><b><strong>Premios y reconocimientos:<\/strong><\/b>\u00a0Competencia internacional de bebidas espirituosas de Denver 2023:\u00a0<b><strong>Medalla de oro.<\/strong><\/b>\u00a0Competencia mundial de bebidas espirituosas de San Francisco 2023:<b><strong>\u00a0Medalla de plata.<\/strong><\/b><\/p>\n<p style=\"font-weight: 400;\"><b><strong>Nariz:<\/strong><\/b>\u00a0Menta, clavo, canela, ra\u00edz de regaliz, pi\u00f1ones y chocolate amargo, con una sorprendente dosis de ingredientes bot\u00e1nicos de ginebra.<\/p>\n<p style=\"font-weight: 400;\"><b><strong>Gusto:<\/strong><\/b>\u00a0Especias de centeno al principio, luego mentol, menta, eucalipto, t\u00e9 de hierbas con miel de flores silvestres y todas las especias.<\/p>\n<p style=\"font-weight: 400;\"><b><strong>ABV 46% &#8211; 750 ml.<\/strong><\/b><\/p>\n","protected":false},"featured_media":15777,"comment_status":"open","ping_status":"closed","template":"","meta":[],"product_brand":[],"product_cat":[70],"product_tag":[79,78,98,99],"class_list":{"0":"post-15776","1":"product","2":"type-product","3":"status-publish","4":"has-post-thumbnail","6":"product_cat-bourbon-american-whiskey","7":"product_tag-american-whiskey","8":"product_tag-bourbon","9":"product_tag-rye","10":"product_tag-whisky-centeno","12":"first","13":"instock","14":"shipping-taxable","15":"purchasable","16":"product-type-simple"},"_links":{"self":[{"href":"https:\/\/lawhiskeria.cr\/index.php?rest_route=\/wp\/v2\/product\/15776","targetHints":{"allow":["GET"]}}],"collection":[{"href":"https:\/\/lawhiskeria.cr\/index.php?rest_route=\/wp\/v2\/product"}],"about":[{"href":"https:\/\/lawhiskeria.cr\/index.php?rest_route=\/wp\/v2\/types\/product"}],"replies":[{"embeddable":true,"href":"https:\/\/lawhiskeria.cr\/index.php?rest_route=%2Fwp%2Fv2%2Fcomments&post=15776"}],"version-history":[{"count":1,"href":"https:\/\/lawhiskeria.cr\/index.php?rest_route=\/wp\/v2\/product\/15776\/revisions"}],"predecessor-version":[{"id":15778,"href":"https:\/\/lawhiskeria.cr\/index.php?rest_route=\/wp\/v2\/product\/15776\/revisions\/15778"}],"wp:featuredmedia":[{"embeddable":true,"href":"https:\/\/lawhiskeria.cr\/index.php?rest_route=\/wp\/v2\/media\/15777"}],"wp:attachment":[{"href":"https:\/\/lawhiskeria.cr\/index.php?rest_route=%2Fwp%2Fv2%2Fmedia&parent=15776"}],"wp:term":[{"taxonomy":"product_brand","embeddable":true,"href":"https:\/\/lawhiskeria.cr\/index.php?rest_route=%2Fwp%2Fv2%2Fproduct_brand&post=15776"},{"taxonomy":"product_cat","embeddable":true,"href":"https:\/\/lawhiskeria.cr\/index.php?rest_route=%2Fwp%2Fv2%2Fproduct_cat&post=15776"},{"taxonomy":"product_tag","embeddable":true,"href":"https:\/\/lawhiskeria.cr\/index.php?rest_route=%2Fwp%2Fv2%2Fproduct_tag&post=15776"}],"curies":[{"name":"wp","href":"https:\/\/api.w.org\/{rel}","templated":true}]}}