{"id":15773,"date":"2024-03-09T00:11:38","date_gmt":"2024-03-09T00:11:38","guid":{"rendered":"https:\/\/stag.lawhiskeria.cr\/?post_type=product&#038;p=15773"},"modified":"2025-01-03T20:39:13","modified_gmt":"2025-01-03T20:39:13","slug":"high-west-bourbon","status":"publish","type":"product","link":"https:\/\/lawhiskeria.cr\/?product=high-west-bourbon","title":{"rendered":"High West Bourbon"},"content":{"rendered":"","protected":false},"excerpt":{"rendered":"<p style=\"font-weight: 400;\">Es el <b><strong>bourbon m\u00e1s innovador y atractivo<\/strong><\/b>\u00a0del oeste americano. Una mezcla de whiskies bourbon puros, a\u00f1ejados en barricas de roble americano blanco carbonizado.\u00a0<b><strong>Nunca filtrado en fr\u00edo<\/strong><\/b>\u00a0ni tratado con carb\u00f3n. Se utiliza una variedad de pur\u00e9s con alto contenido de centeno para transmitir una complejidad terrosa (con un poco de especias). La combinaci\u00f3n perfecta de riqueza y brillo expresada por notas de turr\u00f3n de miel, galletas dulces de pan de ma\u00edz y ralladura de lim\u00f3n con manzanas acarameladas y pastel de nueces que persisten en el final.<\/p>\n<p style=\"font-weight: 400;\"><b><strong>Mashbill:<\/strong><\/b>\u00a0Whisky Bourbon puro: 75% ma\u00edz, 21% centeno, 4% malta de cebada de MGP;<\/p>\n<p style=\"font-weight: 400;\">84% ma\u00edz, 8% centeno, 8% cebada malteada.<\/p>\n<p style=\"font-weight: 400;\"><b><strong>Premios y reconocimientos:\u00a0<\/strong><\/b>Competencia internacional de bebidas espirituosas de Denver 2023:\u00a0<b><strong>Medalla de oro.\u00a0<\/strong><\/b>Competencia mundial de bebidas espirituosas de San Francisco 2023:\u00a0<b><strong>Medalla de oro.<\/strong><\/b><\/p>\n<p style=\"font-weight: 400;\"><b><strong>Nariz:<\/strong><\/b>\u00a0Caramelo ligero, vainilla dulce, manzana verde y miel.<\/p>\n<p style=\"font-weight: 400;\"><b><strong>Gusto:<\/strong><\/b>\u00a0Rico y terroso en el paladar con sabores bien equilibrados de ma\u00edz dulce, turr\u00f3n de miel y galletas de pan de ma\u00edz dulce.<\/p>\n<p style=\"font-weight: 400;\"><b><strong>ABV 46% &#8211; 750 ml.<\/strong><\/b><\/p>\n","protected":false},"featured_media":15774,"comment_status":"open","ping_status":"closed","template":"","meta":[],"product_brand":[],"product_cat":[70],"product_tag":[79,78],"class_list":{"0":"post-15773","1":"product","2":"type-product","3":"status-publish","4":"has-post-thumbnail","6":"product_cat-bourbon-american-whiskey","7":"product_tag-american-whiskey","8":"product_tag-bourbon","10":"first","11":"instock","12":"shipping-taxable","13":"purchasable","14":"product-type-simple"},"_links":{"self":[{"href":"https:\/\/lawhiskeria.cr\/index.php?rest_route=\/wp\/v2\/product\/15773","targetHints":{"allow":["GET"]}}],"collection":[{"href":"https:\/\/lawhiskeria.cr\/index.php?rest_route=\/wp\/v2\/product"}],"about":[{"href":"https:\/\/lawhiskeria.cr\/index.php?rest_route=\/wp\/v2\/types\/product"}],"replies":[{"embeddable":true,"href":"https:\/\/lawhiskeria.cr\/index.php?rest_route=%2Fwp%2Fv2%2Fcomments&post=15773"}],"version-history":[{"count":1,"href":"https:\/\/lawhiskeria.cr\/index.php?rest_route=\/wp\/v2\/product\/15773\/revisions"}],"predecessor-version":[{"id":15775,"href":"https:\/\/lawhiskeria.cr\/index.php?rest_route=\/wp\/v2\/product\/15773\/revisions\/15775"}],"wp:featuredmedia":[{"embeddable":true,"href":"https:\/\/lawhiskeria.cr\/index.php?rest_route=\/wp\/v2\/media\/15774"}],"wp:attachment":[{"href":"https:\/\/lawhiskeria.cr\/index.php?rest_route=%2Fwp%2Fv2%2Fmedia&parent=15773"}],"wp:term":[{"taxonomy":"product_brand","embeddable":true,"href":"https:\/\/lawhiskeria.cr\/index.php?rest_route=%2Fwp%2Fv2%2Fproduct_brand&post=15773"},{"taxonomy":"product_cat","embeddable":true,"href":"https:\/\/lawhiskeria.cr\/index.php?rest_route=%2Fwp%2Fv2%2Fproduct_cat&post=15773"},{"taxonomy":"product_tag","embeddable":true,"href":"https:\/\/lawhiskeria.cr\/index.php?rest_route=%2Fwp%2Fv2%2Fproduct_tag&post=15773"}],"curies":[{"name":"wp","href":"https:\/\/api.w.org\/{rel}","templated":true}]}}