{"id":15751,"date":"2024-03-08T22:17:51","date_gmt":"2024-03-08T22:17:51","guid":{"rendered":"https:\/\/stag.lawhiskeria.cr\/?post_type=product&#038;p=15751"},"modified":"2025-10-02T01:17:19","modified_gmt":"2025-10-02T01:17:19","slug":"driftless-glen-single-barrel-straight-bourbon","status":"publish","type":"product","link":"https:\/\/lawhiskeria.cr\/?product=driftless-glen-single-barrel-straight-bourbon","title":{"rendered":"Driftless Glen Single Barrel Straight Bourbon"},"content":{"rendered":"","protected":false},"excerpt":{"rendered":"<p>El\u00a0<strong>DG Single Barrel Straight Bourbon Whiskey<\/strong>\u00a0es elaborado artesanalmente utilizando productos locales de la zona\u00a0<strong>Driftless de Wisconsin<\/strong>.<\/p>\n<p>De color\u00a0<strong>\u00e1mbar intenso<\/strong>, desarrolla\u00a0<strong>aromas y sabores de vainilla, miel y una pisca de especias<\/strong>\u00a0que se funden en un retrogusto\u00a0<strong>balanceado<\/strong>\u00a0de inconfundible barrica.<\/p>\n<p>Envejecido por un m\u00ednimo de 2 a\u00f1os en nuestras mejores barricas seleccionadas y luego embotelladas individualmente. Este Bourbon mantiene el car\u00e1cter y beneficios de cada barrica.<\/p>\n<p><strong>ABV 50% &#8211; 750 ml.<\/strong><\/p>\n","protected":false},"featured_media":15752,"comment_status":"open","ping_status":"closed","template":"","meta":[],"product_brand":[],"product_cat":[32,70],"product_tag":[79,96,95,97],"class_list":{"0":"post-15751","1":"product","2":"type-product","3":"status-publish","4":"has-post-thumbnail","6":"product_cat-whisky","7":"product_cat-bourbon-american-whiskey","8":"product_tag-american-whiskey","9":"product_tag-single-barrel","10":"product_tag-straight-bourbon","11":"product_tag-wisconsin","13":"first","14":"instock","15":"shipping-taxable","16":"purchasable","17":"product-type-simple"},"_links":{"self":[{"href":"https:\/\/lawhiskeria.cr\/index.php?rest_route=\/wp\/v2\/product\/15751","targetHints":{"allow":["GET"]}}],"collection":[{"href":"https:\/\/lawhiskeria.cr\/index.php?rest_route=\/wp\/v2\/product"}],"about":[{"href":"https:\/\/lawhiskeria.cr\/index.php?rest_route=\/wp\/v2\/types\/product"}],"replies":[{"embeddable":true,"href":"https:\/\/lawhiskeria.cr\/index.php?rest_route=%2Fwp%2Fv2%2Fcomments&post=15751"}],"version-history":[{"count":1,"href":"https:\/\/lawhiskeria.cr\/index.php?rest_route=\/wp\/v2\/product\/15751\/revisions"}],"predecessor-version":[{"id":15753,"href":"https:\/\/lawhiskeria.cr\/index.php?rest_route=\/wp\/v2\/product\/15751\/revisions\/15753"}],"wp:featuredmedia":[{"embeddable":true,"href":"https:\/\/lawhiskeria.cr\/index.php?rest_route=\/wp\/v2\/media\/15752"}],"wp:attachment":[{"href":"https:\/\/lawhiskeria.cr\/index.php?rest_route=%2Fwp%2Fv2%2Fmedia&parent=15751"}],"wp:term":[{"taxonomy":"product_brand","embeddable":true,"href":"https:\/\/lawhiskeria.cr\/index.php?rest_route=%2Fwp%2Fv2%2Fproduct_brand&post=15751"},{"taxonomy":"product_cat","embeddable":true,"href":"https:\/\/lawhiskeria.cr\/index.php?rest_route=%2Fwp%2Fv2%2Fproduct_cat&post=15751"},{"taxonomy":"product_tag","embeddable":true,"href":"https:\/\/lawhiskeria.cr\/index.php?rest_route=%2Fwp%2Fv2%2Fproduct_tag&post=15751"}],"curies":[{"name":"wp","href":"https:\/\/api.w.org\/{rel}","templated":true}]}}