{"id":15744,"date":"2024-03-08T19:56:18","date_gmt":"2024-03-08T19:56:18","guid":{"rendered":"https:\/\/stag.lawhiskeria.cr\/?post_type=product&#038;p=15744"},"modified":"2026-04-30T10:53:25","modified_gmt":"2026-04-30T10:53:25","slug":"buffalo-trace-kentucky-straight-bourbon","status":"publish","type":"product","link":"https:\/\/lawhiskeria.cr\/?product=buffalo-trace-kentucky-straight-bourbon","title":{"rendered":"Buffalo Trace Kentucky Straight Bourbon"},"content":{"rendered":"","protected":false},"excerpt":{"rendered":"<p style=\"font-weight: 400;\">El whiskey\u00a0<b><strong>Buffalo Trace Kentucky Straight Bourbon<\/strong><\/b>\u00a0se destila, a\u00f1eja y embotella en la destiler\u00eda m\u00e1s galardonada del mundo. Elaborado con las mejores maltas de ma\u00edz, centeno y cebada; este whisky envejece en barricas nuevas de roble durante 8 a\u00f1os en almacenes centenarios hasta el punto m\u00e1ximo de madurez. El sabor es rico y complejo, con toques de vainilla, caramelo y fruta confitada. El final suave persiste en el paladar. Esto nunca cambiar\u00e1.<\/p>\n<p style=\"font-weight: 400;\"><b><strong>Buffalo Trace<\/strong><\/b>\u00a0est\u00e1 constantemente clasificado entre l<b><strong>os mejores bourbons del mundo<\/strong><\/b>\u00a0por los cr\u00edticos m\u00e1s conocedores de la industria, cuenta con m\u00e1s de 100 premios desde el a\u00f1o 2000.<\/p>\n<p style=\"font-weight: 400;\"><b><strong>Color:<\/strong><\/b>\u00a0\u00c1mbar intenso.<\/p>\n<p style=\"font-weight: 400;\"><b><strong>Aroma:<\/strong><\/b>\u00a0Complejo de vainilla, menta y melaza.<\/p>\n<p style=\"font-weight: 400;\"><b><strong>Boca:<\/strong><\/b>\u00a0Sabor agradablemente dulce con notas de az\u00facar moreno y especias que dan paso a roble, caramelo, frutos negros y an\u00eds.<\/p>\n<p style=\"font-weight: 400;\"><b><strong>Final:\u00a0<\/strong><\/b>Largo, suave y con gran profundidad.<\/p>\n<p style=\"font-weight: 400;\"><b><strong>ABV 45% &#8211; 750 ml.<\/strong><\/b><\/p>\n<p><iframe loading=\"lazy\" title=\"YouTube video player\" src=\"https:\/\/www.youtube.com\/embed\/8KWX2z0mzpY?si=cv-b8J5CB_KpTyZG&amp;start=6856\" width=\"560\" height=\"315\" frameborder=\"0\" allowfullscreen=\"allowfullscreen\"><\/iframe><\/p>\n","protected":false},"featured_media":15747,"comment_status":"open","ping_status":"closed","template":"","meta":[],"product_brand":[],"product_cat":[70],"product_tag":[79,78,94],"class_list":{"0":"post-15744","1":"product","2":"type-product","3":"status-publish","4":"has-post-thumbnail","6":"product_cat-bourbon-american-whiskey","7":"product_tag-american-whiskey","8":"product_tag-bourbon","9":"product_tag-straight","11":"first","12":"instock","13":"shipping-taxable","14":"purchasable","15":"product-type-simple"},"_links":{"self":[{"href":"https:\/\/lawhiskeria.cr\/index.php?rest_route=\/wp\/v2\/product\/15744","targetHints":{"allow":["GET"]}}],"collection":[{"href":"https:\/\/lawhiskeria.cr\/index.php?rest_route=\/wp\/v2\/product"}],"about":[{"href":"https:\/\/lawhiskeria.cr\/index.php?rest_route=\/wp\/v2\/types\/product"}],"replies":[{"embeddable":true,"href":"https:\/\/lawhiskeria.cr\/index.php?rest_route=%2Fwp%2Fv2%2Fcomments&post=15744"}],"version-history":[{"count":3,"href":"https:\/\/lawhiskeria.cr\/index.php?rest_route=\/wp\/v2\/product\/15744\/revisions"}],"predecessor-version":[{"id":17766,"href":"https:\/\/lawhiskeria.cr\/index.php?rest_route=\/wp\/v2\/product\/15744\/revisions\/17766"}],"wp:featuredmedia":[{"embeddable":true,"href":"https:\/\/lawhiskeria.cr\/index.php?rest_route=\/wp\/v2\/media\/15747"}],"wp:attachment":[{"href":"https:\/\/lawhiskeria.cr\/index.php?rest_route=%2Fwp%2Fv2%2Fmedia&parent=15744"}],"wp:term":[{"taxonomy":"product_brand","embeddable":true,"href":"https:\/\/lawhiskeria.cr\/index.php?rest_route=%2Fwp%2Fv2%2Fproduct_brand&post=15744"},{"taxonomy":"product_cat","embeddable":true,"href":"https:\/\/lawhiskeria.cr\/index.php?rest_route=%2Fwp%2Fv2%2Fproduct_cat&post=15744"},{"taxonomy":"product_tag","embeddable":true,"href":"https:\/\/lawhiskeria.cr\/index.php?rest_route=%2Fwp%2Fv2%2Fproduct_tag&post=15744"}],"curies":[{"name":"wp","href":"https:\/\/api.w.org\/{rel}","templated":true}]}}