{"id":15660,"date":"2023-11-27T23:40:45","date_gmt":"2023-11-27T23:40:45","guid":{"rendered":"https:\/\/stag.lawhiskeria.cr\/?post_type=product&#038;p=15660"},"modified":"2024-10-29T23:03:10","modified_gmt":"2024-10-29T23:03:10","slug":"ardbeg-10-anos","status":"publish","type":"product","link":"https:\/\/lawhiskeria.cr\/?product=ardbeg-10-anos","title":{"rendered":"Ardbeg 10 A\u00f1os"},"content":{"rendered":"<p><b><strong>Ardbeg 10 Years Old<\/strong><\/b> es venerado en todo el mundo como el whisky de malta m\u00e1s complejo, m\u00e1s ahumado y con m\u00e1s turba de todos. Sin embargo, no hace alarde de la turba; m\u00e1s bien da paso a la dulzura natural de la malta para producir un whisky de equilibrio perfecto. <b><strong>Nombrado Whisky Mundial del A\u00f1o en 2008.<\/strong><\/b><\/p>\n","protected":false},"excerpt":{"rendered":"<p style=\"font-weight: 400;\"><b><strong>Ardbeg 10 Years Old<\/strong><\/b> es venerado en todo el mundo como el whisky de malta m\u00e1s complejo, m\u00e1s ahumado y con m\u00e1s turba de todos. Sin embargo, no hace alarde de la turba; m\u00e1s bien da paso a la dulzura natural de la malta para producir un whisky de equilibrio perfecto. <b><strong>Nombrado Whisky Mundial del A\u00f1o en 2008.<\/strong><\/b><\/p>\n<p style=\"font-weight: 400;\"><b><strong>COLOR: Luz de oro<\/strong><\/b><\/p>\n<p style=\"font-weight: 400;\"><b><strong>AROMA:<\/strong><\/b> Turba infundida con lim\u00f3n y lima, envuelta en chocolate negro cremoso. El mentol audaz y la pimienta negra se deslizan a trav\u00e9s del humo dulce, seguidos de cuerdas alquitranadas y grafito. Saboree el aroma del pescado ahumado y el tocino crujiente junto con los pimientos verdes, la pi\u00f1a al horno y el jugo de pera.<\/p>\n<p style=\"font-weight: 400;\">Agregue agua y una mineralidad oce\u00e1nica trae un soplo de espuma de mar fresca y salada. Lim\u00f3n y lima encerados siguen con jab\u00f3n de alquitr\u00e1n de hulla, cera de abejas y bosques de pino herb\u00e1ceos. Vainilla tostada y canela chisporroteante se cocinan a fuego lento con toffee tibio de avellanas y almendras.<\/p>\n<p style=\"font-weight: 400;\"><b><strong>GUSTO: <\/strong><\/b>Turba efervescente con jugo \u00e1cido de lim\u00f3n y lima, estallidos de pimienta negra con chisporroteante caramelo especiado con canela. Luego viene una ola de salmuera infundida con suero de leche suave, pl\u00e1tanos maduros y grosellas. El humo brota gradualmente en el paladar trayendo un bocado de capuchino c\u00e1lido y cremoso y malvaviscos tostados. A medida que el sabor se alarga y profundiza, se desarrolla un espresso seco, ra\u00edz de regaliz y humo alquitranado que cubren el paladar con aceites masticables de turba.<\/p>\n<p style=\"font-weight: 400;\"><b><strong>No filtrado en fr\u00edo con una fuerza de 46% ABV. 700 ml.<\/strong><\/b><\/p>\n<p><iframe loading=\"lazy\" title=\"YouTube video player\" src=\"https:\/\/www.youtube.com\/embed\/AEeBjD_7naQ?si=O01rxyJd__BgiLxW&amp;start=4284\" width=\"560\" height=\"315\" frameborder=\"0\" allowfullscreen=\"allowfullscreen\"><\/iframe><\/p>\n","protected":false},"featured_media":15841,"comment_status":"open","ping_status":"closed","template":"","meta":[],"product_brand":[],"product_cat":[72],"product_tag":[112,108,113,110],"class_list":{"0":"post-15660","1":"product","2":"type-product","3":"status-publish","4":"has-post-thumbnail","6":"product_cat-single-malt","7":"product_tag-islay","8":"product_tag-single-malt","9":"product_tag-whisky-ahumado","10":"product_tag-whisky-escoces","12":"first","13":"instock","14":"shipping-taxable","15":"purchasable","16":"product-type-simple"},"_links":{"self":[{"href":"https:\/\/lawhiskeria.cr\/index.php?rest_route=\/wp\/v2\/product\/15660","targetHints":{"allow":["GET"]}}],"collection":[{"href":"https:\/\/lawhiskeria.cr\/index.php?rest_route=\/wp\/v2\/product"}],"about":[{"href":"https:\/\/lawhiskeria.cr\/index.php?rest_route=\/wp\/v2\/types\/product"}],"replies":[{"embeddable":true,"href":"https:\/\/lawhiskeria.cr\/index.php?rest_route=%2Fwp%2Fv2%2Fcomments&post=15660"}],"version-history":[{"count":5,"href":"https:\/\/lawhiskeria.cr\/index.php?rest_route=\/wp\/v2\/product\/15660\/revisions"}],"predecessor-version":[{"id":17765,"href":"https:\/\/lawhiskeria.cr\/index.php?rest_route=\/wp\/v2\/product\/15660\/revisions\/17765"}],"wp:featuredmedia":[{"embeddable":true,"href":"https:\/\/lawhiskeria.cr\/index.php?rest_route=\/wp\/v2\/media\/15841"}],"wp:attachment":[{"href":"https:\/\/lawhiskeria.cr\/index.php?rest_route=%2Fwp%2Fv2%2Fmedia&parent=15660"}],"wp:term":[{"taxonomy":"product_brand","embeddable":true,"href":"https:\/\/lawhiskeria.cr\/index.php?rest_route=%2Fwp%2Fv2%2Fproduct_brand&post=15660"},{"taxonomy":"product_cat","embeddable":true,"href":"https:\/\/lawhiskeria.cr\/index.php?rest_route=%2Fwp%2Fv2%2Fproduct_cat&post=15660"},{"taxonomy":"product_tag","embeddable":true,"href":"https:\/\/lawhiskeria.cr\/index.php?rest_route=%2Fwp%2Fv2%2Fproduct_tag&post=15660"}],"curies":[{"name":"wp","href":"https:\/\/api.w.org\/{rel}","templated":true}]}}